{"id":7994,"date":"2021-02-16T08:06:59","date_gmt":"2021-02-16T08:06:59","guid":{"rendered":"https:\/\/cyprusmh.com\/?page_id=7994"},"modified":"2021-02-16T08:08:24","modified_gmt":"2021-02-16T08:08:24","slug":"esentepe","status":"publish","type":"page","link":"https:\/\/cyprusmh.com\/no\/esentepe\/","title":{"rendered":"Esentepe"},"content":{"rendered":"\t\t<div data-elementor-type=\"wp-page\" data-elementor-id=\"7994\" class=\"elementor elementor-7994 elementor-4863\" data-elementor-settings=\"[]\">\n\t\t\t\t\t\t<div class=\"elementor-inner\">\n\t\t\t\t\t\t\t<div class=\"elementor-section-wrap\">\n\t\t\t\t\t\t\t<section class=\"elementor-section elementor-top-section elementor-element elementor-element-4f22c89 elementor-section-boxed elementor-section-height-default elementor-section-height-default\" data-id=\"4f22c89\" data-element_type=\"section\">\n\t\t\t\t\t\t<div class=\"elementor-container elementor-column-gap-default\">\n\t\t\t\t\t\t\t<div class=\"elementor-row\">\n\t\t\t\t\t<div class=\"elementor-column elementor-col-100 elementor-top-column elementor-element elementor-element-eb30b0d\" data-id=\"eb30b0d\" data-element_type=\"column\">\n\t\t\t<div class=\"elementor-column-wrap elementor-element-populated\">\n\t\t\t\t\t\t\t<div class=\"elementor-widget-wrap\">\n\t\t\t\t\t\t<div class=\"elementor-element elementor-element-6001f58 elementor-widget elementor-widget-image\" data-id=\"6001f58\" data-element_type=\"widget\" data-widget_type=\"image.default\">\n\t\t\t\t<div class=\"elementor-widget-container\">\n\t\t\t\t\t\t\t\t<div class=\"elementor-image\">\n\t\t\t\t\t\t\t\t\t\t\t\t<img width=\"828\" height=\"552\" src=\"https:\/\/cyprusmh.com\/wp-content\/uploads\/2020\/10\/Esentepe-1024x683.jpg\" class=\"attachment-large size-large\" alt=\"\" loading=\"lazy\" srcset=\"https:\/\/cyprusmh.com\/wp-content\/uploads\/2020\/10\/Esentepe-1024x683.jpg 1024w, https:\/\/cyprusmh.com\/wp-content\/uploads\/2020\/10\/Esentepe-300x200.jpg 300w, https:\/\/cyprusmh.com\/wp-content\/uploads\/2020\/10\/Esentepe-768x512.jpg 768w, https:\/\/cyprusmh.com\/wp-content\/uploads\/2020\/10\/Esentepe-1536x1024.jpg 1536w, https:\/\/cyprusmh.com\/wp-content\/uploads\/2020\/10\/Esentepe-2048x1365.jpg 2048w, https:\/\/cyprusmh.com\/wp-content\/uploads\/2020\/10\/Esentepe-150x100.jpg 150w, https:\/\/cyprusmh.com\/wp-content\/uploads\/2020\/10\/Esentepe-488x326.jpg 488w\" sizes=\"(max-width: 828px) 100vw, 828px\" \/>\t\t\t\t\t\t\t\t\t\t\t\t\t\t<\/div>\n\t\t\t\t\t\t<\/div>\n\t\t\t\t<\/div>\n\t\t\t\t\t\t<\/div>\n\t\t\t\t\t<\/div>\n\t\t<\/div>\n\t\t\t\t\t\t\t\t<\/div>\n\t\t\t\t\t<\/div>\n\t\t<\/section>\n\t\t\t\t<section class=\"elementor-section elementor-top-section elementor-element elementor-element-73985454 elementor-section-boxed elementor-section-height-default elementor-section-height-default\" data-id=\"73985454\" data-element_type=\"section\">\n\t\t\t\t\t\t<div class=\"elementor-container elementor-column-gap-default\">\n\t\t\t\t\t\t\t<div class=\"elementor-row\">\n\t\t\t\t\t<div class=\"elementor-column elementor-col-100 elementor-top-column elementor-element elementor-element-527bef86\" data-id=\"527bef86\" data-element_type=\"column\">\n\t\t\t<div class=\"elementor-column-wrap elementor-element-populated\">\n\t\t\t\t\t\t\t<div class=\"elementor-widget-wrap\">\n\t\t\t\t\t\t<div class=\"elementor-element elementor-element-4b67c6ac elementor-widget elementor-widget-text-editor\" data-id=\"4b67c6ac\" data-element_type=\"widget\" data-widget_type=\"text-editor.default\">\n\t\t\t\t<div class=\"elementor-widget-container\">\n\t\t\t\t\t\t\t\t<div class=\"elementor-text-editor elementor-clearfix\">\n\t\t\t\t<p>Kystlinjen ved Esentepe er et desidert favorittomr\u00e5de for \u00e5 investere i eiendom, det v\u00e6re seg en feriebolig eller et permanent hjem. Du vil finne et variert utvalg av eiendom til meget gustige priser. P\u00e5 toppen f\u00e5r du en ekstra bonus i form av lave drift og levekostnader.<\/p><p>Esentepe er sentralt beliggende i hjertet av Nord Kypros og Kyrenia omr\u00e5det. Beliggenheten mellom kystlinjen og Kyrenia fjellkjeden, gir deg et uttall av muligheter til ulike, varierte aktiviteter, oppdagelser i n\u00e6romr\u00e5det eller ren avslapping.\u00a0 Du kan ogs\u00e5 hygge deg med god mat og godt drikke p\u00e5 en av de mange lokale spisestedene. Lokalbefolkningen er vennlig og tar imot sine utenlanske gjester med \u00e5pne armer. Her finnes alle moderne fasiliteter du trenger i dagliglivet, uten stresset man ofte opplever med \u00e5 bo i st\u00f8rre byer.\u00a0\u00a0\u00a0\u00a0\u00a0\u00a0\u00a0<\/p><p>Esentepe, som betyr vindfull \u00e5s, er administrasjonssenteret i Esentepe kommune og befinner seg ved den nordlige kystlinjen, ca 25 -30 km \u00f8st for Kyrenia. Landsbyen ble grunnlagt i den byzantiske tidsperioden som varte fra 330 til 1191. Om du er p\u00e5 s\u00f8ken etter en vakkert beliggende bolig, fri for storbyens stress og mas, er dette stedet for deg. Esentepe gir deg en smak av det genuine Nord Kypros og er samtidig innfallsporten til en spektakul\u00e6r kystlinje og til Karpaz regionen\u00a0<\/p><p>Sentrum i Esentepe byr p\u00e5 masse sjarm, og atomsf\u00e6ren s\u00e5 avslappet at man lett lar seg friste til \u00e5 stoppe opp for og drikke en kopp kaffe eller bestille et glass med lokal vin mens man nyter livets langsomme rytme.\u00a0 Esentepe har ca 3000 innbyggere, hovedsakelig tyrkisk kyprioter, men i den senere tid har ogs\u00e5 skandinaver og engelskmenn flyttet hit. I sommersesong dobles antall innbyggere.<\/p><p>Inbyggertallet har steget jevnt og trutt i de senere \u00e5rene. Esentepe har \u00f8kt sin attraktivitet i takt med de mange bes\u00f8kende som har falt for stedet og etablert seg med bolig i og omkring landsbyen. De mange nye eiendomsprosjektene i omr\u00e5det har blitt bygget langs den gamle kystveien i relativ n\u00e6rhet til Esentepe landsby. Disse utbyggingene har ogs\u00e5 medviket til \u00e5 \u00f8ke omr\u00e5dets attraktivitet, uten \u00e5 g\u00e5 p\u00e5 bekostning av lansbyens egenart og landlige sjarm.<\/p><p>Esentepe og tilst\u00f8tende omr\u00e5der i Alagadi, Karaagac og Alevkaya gj\u00f8r dette til en del av Nord Kypros du definitivt b\u00f8r oppleve. Noen av h\u00f8ydepunktene er\u00a0\u00a0 de mange flotte strendene som ogs\u00e5 inkluderer skilpadde stranden i Alagadi , et fantastisk turterreng i Kyreniafjellene med stor blomsterprakt og godt med rasteplasser.\u00a0 Omr\u00e5det kan ogs\u00e5 by p\u00e5 mange severdigheter, bl.a Antiphonitis kirke som der du vil finne de sist gjennv\u00e6rende veggmalerier p\u00e5 Nord Kypros som stammer fra 12 og 15 hundretallet.\u00a0\u00a0<\/p><p><strong>Korineum Golf &amp; Beach Resort<\/strong><\/p><p>Det velrennomerte anlegget til Korineum Golf &amp; Beach Resort er en del av Nord Kypros\u2019 nyere historie i egenskap av den f\u00f8rste 18 hulls golfbane som ble anlagt p\u00e5 denne delen av \u00f8ya.<\/p><p>Ikke bare tilbyr goldklubben sv\u00e6rt velpleide gr\u00f8ntomr\u00e5der og et topp vedlikeholdt anlegg. De kan ogs\u00e5 tilby en privat strand, et Boutique hotell med stort tilh\u00f8rende sv\u00f8mmebasseng , flere restauranter og en bar.<\/p><p>Anlegget har en spektakul\u00e6r beliggenhet i \u00e5ssiden med Kyrenia fjellene og Besparmark fjellkjede som bakteppe og panaramautsikt mot Middelhavet i front. Det omkringliggende landskapet er spesielt vakkert og blir preget av karob, oliven og furutr\u00e6r.<\/p><p><strong>Alagadi Turtle Beach<\/strong><\/p><p>Alagadi Turtle Beach er en ber\u00f8mt skilpaddestrand, i tillegg til et popul\u00e6rt strandomr\u00e5de for b\u00e5de lokalbefolkningen og turister. Stranden best\u00e5r av 2 store bukter. Den ene bukten har en restaurant og blir godt vedlikeholdt. Den andre bukten ligger i et mindre trafikkert omr\u00e5de og passer best for de som vil nyte strandlivet i fred og ro. Ingen av strendene har utleie av solstoler eller parasoller, men du st\u00e5r fritt til \u00e5 ta med ditt eget utstyr.<\/p><p>Om sommeren kan du se n\u00e5r skilpaddene klekker egg p\u00e5 Alagadi Turtle Beach. Den frivillige organisasjonen SPOT &#8211; som i all hovdsak best\u00e5r av engelske studenter innen marinebiologi \u2013 patruljerer stranden under eggleggingen og p\u00e5ser at skilpaddene ikke blir utsatt for forstyrrelser. Det er mulig \u00e5 delta i regi av SPOT b\u00e5de ved egglegging og klekking. Deltagelsen gir en flott opplevelse som du ikke b\u00f8r g\u00e5 glipp av.<\/p><p>De stedene der skilpaddene har lagt egg blir markert med hvite st\u00e5lnett for \u00e5 unng\u00e5 at det oppst\u00e5r skader p\u00e5 redet.\u00a0 Det er ikke tillatt \u00e5 plassere solstoler eller parasoller i umiddlebar n\u00e6rhet.<\/p><p>N\u00e5r du er p\u00e5 bes\u00f8k i Alagadi b\u00f8r du ogs\u00e5 f\u00e5 med deg de karakteristiske steinkulpene. Disse blir dannet ved kontakt mellom sj\u00f8 og land over lang tid. B\u00f8lgeslagene \u00absandbl\u00e5ser\u00bb steinene og danner sm\u00e5 kulper. Med naturlig oppvarming fra en stekende sol over Middelhavet, kan du slappe av med benene utstrakt i det varme vannet og langsomt suge inn alle de flotte inntrykkene fra den omkringliggende kystlinjen.<\/p><p><strong>Vi h\u00e5per v\u00e5r lille presentasjon har pirret din nyskjerrighet og vil med dette \u00f8nske deg hjertelig velkommen til et bes\u00f8k\u00a0 p\u00e5 Nord Kypros.<\/strong>\u00a0\u00a0\u00a0<\/p>\t\t\t\t\t<\/div>\n\t\t\t\t\t\t<\/div>\n\t\t\t\t<\/div>\n\t\t\t\t\t\t<\/div>\n\t\t\t\t\t<\/div>\n\t\t<\/div>\n\t\t\t\t\t\t\t\t<\/div>\n\t\t\t\t\t<\/div>\n\t\t<\/section>\n\t\t\t\t\t\t<\/div>\n\t\t\t\t\t\t<\/div>\n\t\t\t\t\t<\/div>\n\t\t","protected":false},"excerpt":{"rendered":"<p>Kystlinjen ved Esentepe er et desidert favorittomr\u00e5de for \u00e5 investere i eiendom, det v\u00e6re seg en feriebolig eller et permanent hjem. Du vil finne et variert utvalg av eiendom til meget gustige priser. P\u00e5 toppen f\u00e5r du en ekstra bonus i form av lave drift og levekostnader. Esentepe er sentralt beliggende i hjertet av Nord&#8230;<\/p>\n","protected":false},"author":1,"featured_media":0,"parent":0,"menu_order":0,"comment_status":"closed","ping_status":"closed","template":"","meta":[],"yoast_head":"<!-- This site is optimized with the Yoast SEO plugin v17.8 - https:\/\/yoast.com\/wordpress\/plugins\/seo\/ -->\n<title>Esentepe - Cyprus MyHome<\/title>\n<meta name=\"robots\" content=\"index, follow, max-snippet:-1, max-image-preview:large, max-video-preview:-1\" \/>\n<link rel=\"canonical\" href=\"https:\/\/cyprusmh.com\/no\/esentepe\/\" \/>\n<meta property=\"og:locale\" content=\"nb_NO\" \/>\n<meta property=\"og:type\" content=\"article\" \/>\n<meta property=\"og:title\" content=\"Esentepe - Cyprus MyHome\" \/>\n<meta property=\"og:description\" content=\"Kystlinjen ved Esentepe er et desidert favorittomr\u00e5de for \u00e5 investere i eiendom, det v\u00e6re seg en feriebolig eller et permanent hjem. Du vil finne et variert utvalg av eiendom til meget gustige priser. P\u00e5 toppen f\u00e5r du en ekstra bonus i form av lave drift og levekostnader. Esentepe er sentralt beliggende i hjertet av Nord...\" \/>\n<meta property=\"og:url\" content=\"https:\/\/cyprusmh.com\/no\/esentepe\/\" \/>\n<meta property=\"og:site_name\" content=\"Cyprus MyHome\" \/>\n<meta property=\"article:modified_time\" content=\"2021-02-16T08:08:24+00:00\" \/>\n<meta property=\"og:image\" content=\"https:\/\/cyprusmh.com\/wp-content\/uploads\/2020\/10\/Esentepe-1024x683.jpg\" \/>\n<meta name=\"twitter:card\" content=\"summary_large_image\" \/>\n<meta name=\"twitter:label1\" content=\"Ansl. lesetid\" \/>\n\t<meta name=\"twitter:data1\" content=\"4 minutter\" \/>\n<script type=\"application\/ld+json\" class=\"yoast-schema-graph\">{\"@context\":\"https:\/\/schema.org\",\"@graph\":[{\"@type\":\"WebSite\",\"@id\":\"https:\/\/cyprusmh.com\/#website\",\"url\":\"https:\/\/cyprusmh.com\/\",\"name\":\"Cyprus MyHome\",\"description\":\"\",\"potentialAction\":[{\"@type\":\"SearchAction\",\"target\":{\"@type\":\"EntryPoint\",\"urlTemplate\":\"https:\/\/cyprusmh.com\/?s={search_term_string}\"},\"query-input\":\"required name=search_term_string\"}],\"inLanguage\":\"nb-NO\"},{\"@type\":\"ImageObject\",\"@id\":\"https:\/\/cyprusmh.com\/no\/esentepe\/#primaryimage\",\"inLanguage\":\"nb-NO\",\"url\":\"https:\/\/cyprusmh.com\/wp-content\/uploads\/2020\/10\/Esentepe.jpg\",\"contentUrl\":\"https:\/\/cyprusmh.com\/wp-content\/uploads\/2020\/10\/Esentepe.jpg\",\"width\":2508,\"height\":1672},{\"@type\":\"WebPage\",\"@id\":\"https:\/\/cyprusmh.com\/no\/esentepe\/#webpage\",\"url\":\"https:\/\/cyprusmh.com\/no\/esentepe\/\",\"name\":\"Esentepe - Cyprus MyHome\",\"isPartOf\":{\"@id\":\"https:\/\/cyprusmh.com\/#website\"},\"primaryImageOfPage\":{\"@id\":\"https:\/\/cyprusmh.com\/no\/esentepe\/#primaryimage\"},\"datePublished\":\"2021-02-16T08:06:59+00:00\",\"dateModified\":\"2021-02-16T08:08:24+00:00\",\"breadcrumb\":{\"@id\":\"https:\/\/cyprusmh.com\/no\/esentepe\/#breadcrumb\"},\"inLanguage\":\"nb-NO\",\"potentialAction\":[{\"@type\":\"ReadAction\",\"target\":[\"https:\/\/cyprusmh.com\/no\/esentepe\/\"]}]},{\"@type\":\"BreadcrumbList\",\"@id\":\"https:\/\/cyprusmh.com\/no\/esentepe\/#breadcrumb\",\"itemListElement\":[{\"@type\":\"ListItem\",\"position\":1,\"name\":\"Home\",\"item\":\"https:\/\/cyprusmh.com\/no\/\"},{\"@type\":\"ListItem\",\"position\":2,\"name\":\"Esentepe\"}]}]}<\/script>\n<!-- \/ Yoast SEO plugin. -->","yoast_head_json":{"title":"Esentepe - Cyprus MyHome","robots":{"index":"index","follow":"follow","max-snippet":"max-snippet:-1","max-image-preview":"max-image-preview:large","max-video-preview":"max-video-preview:-1"},"canonical":"https:\/\/cyprusmh.com\/no\/esentepe\/","og_locale":"nb_NO","og_type":"article","og_title":"Esentepe - Cyprus MyHome","og_description":"Kystlinjen ved Esentepe er et desidert favorittomr\u00e5de for \u00e5 investere i eiendom, det v\u00e6re seg en feriebolig eller et permanent hjem. Du vil finne et variert utvalg av eiendom til meget gustige priser. P\u00e5 toppen f\u00e5r du en ekstra bonus i form av lave drift og levekostnader. Esentepe er sentralt beliggende i hjertet av Nord...","og_url":"https:\/\/cyprusmh.com\/no\/esentepe\/","og_site_name":"Cyprus MyHome","article_modified_time":"2021-02-16T08:08:24+00:00","og_image":[{"url":"https:\/\/cyprusmh.com\/wp-content\/uploads\/2020\/10\/Esentepe-1024x683.jpg"}],"twitter_card":"summary_large_image","twitter_misc":{"Ansl. lesetid":"4 minutter"},"schema":{"@context":"https:\/\/schema.org","@graph":[{"@type":"WebSite","@id":"https:\/\/cyprusmh.com\/#website","url":"https:\/\/cyprusmh.com\/","name":"Cyprus MyHome","description":"","potentialAction":[{"@type":"SearchAction","target":{"@type":"EntryPoint","urlTemplate":"https:\/\/cyprusmh.com\/?s={search_term_string}"},"query-input":"required name=search_term_string"}],"inLanguage":"nb-NO"},{"@type":"ImageObject","@id":"https:\/\/cyprusmh.com\/no\/esentepe\/#primaryimage","inLanguage":"nb-NO","url":"https:\/\/cyprusmh.com\/wp-content\/uploads\/2020\/10\/Esentepe.jpg","contentUrl":"https:\/\/cyprusmh.com\/wp-content\/uploads\/2020\/10\/Esentepe.jpg","width":2508,"height":1672},{"@type":"WebPage","@id":"https:\/\/cyprusmh.com\/no\/esentepe\/#webpage","url":"https:\/\/cyprusmh.com\/no\/esentepe\/","name":"Esentepe - Cyprus MyHome","isPartOf":{"@id":"https:\/\/cyprusmh.com\/#website"},"primaryImageOfPage":{"@id":"https:\/\/cyprusmh.com\/no\/esentepe\/#primaryimage"},"datePublished":"2021-02-16T08:06:59+00:00","dateModified":"2021-02-16T08:08:24+00:00","breadcrumb":{"@id":"https:\/\/cyprusmh.com\/no\/esentepe\/#breadcrumb"},"inLanguage":"nb-NO","potentialAction":[{"@type":"ReadAction","target":["https:\/\/cyprusmh.com\/no\/esentepe\/"]}]},{"@type":"BreadcrumbList","@id":"https:\/\/cyprusmh.com\/no\/esentepe\/#breadcrumb","itemListElement":[{"@type":"ListItem","position":1,"name":"Home","item":"https:\/\/cyprusmh.com\/no\/"},{"@type":"ListItem","position":2,"name":"Esentepe"}]}]}},"_links":{"self":[{"href":"https:\/\/cyprusmh.com\/no\/wp-json\/wp\/v2\/pages\/7994"}],"collection":[{"href":"https:\/\/cyprusmh.com\/no\/wp-json\/wp\/v2\/pages"}],"about":[{"href":"https:\/\/cyprusmh.com\/no\/wp-json\/wp\/v2\/types\/page"}],"author":[{"embeddable":true,"href":"https:\/\/cyprusmh.com\/no\/wp-json\/wp\/v2\/users\/1"}],"replies":[{"embeddable":true,"href":"https:\/\/cyprusmh.com\/no\/wp-json\/wp\/v2\/comments?post=7994"}],"version-history":[{"count":5,"href":"https:\/\/cyprusmh.com\/no\/wp-json\/wp\/v2\/pages\/7994\/revisions"}],"predecessor-version":[{"id":8001,"href":"https:\/\/cyprusmh.com\/no\/wp-json\/wp\/v2\/pages\/7994\/revisions\/8001"}],"wp:attachment":[{"href":"https:\/\/cyprusmh.com\/no\/wp-json\/wp\/v2\/media?parent=7994"}],"curies":[{"name":"wp","href":"https:\/\/api.w.org\/{rel}","templated":true}]}}