{"id":7986,"date":"2021-02-16T08:01:26","date_gmt":"2021-02-16T08:01:26","guid":{"rendered":"https:\/\/cyprusmh.com\/?page_id=7986"},"modified":"2021-02-16T08:03:33","modified_gmt":"2021-02-16T08:03:33","slug":"nord-kypros","status":"publish","type":"page","link":"https:\/\/cyprusmh.com\/no\/nord-kypros\/","title":{"rendered":"Nord Kypros"},"content":{"rendered":"\t\t<div data-elementor-type=\"wp-page\" data-elementor-id=\"7986\" class=\"elementor elementor-7986 elementor-4861\" data-elementor-settings=\"[]\">\n\t\t\t\t\t\t<div class=\"elementor-inner\">\n\t\t\t\t\t\t\t<div class=\"elementor-section-wrap\">\n\t\t\t\t\t\t\t<section class=\"elementor-section elementor-top-section elementor-element elementor-element-f3c963e elementor-section-boxed elementor-section-height-default elementor-section-height-default\" data-id=\"f3c963e\" data-element_type=\"section\">\n\t\t\t\t\t\t<div class=\"elementor-container elementor-column-gap-default\">\n\t\t\t\t\t\t\t<div class=\"elementor-row\">\n\t\t\t\t\t<div class=\"elementor-column elementor-col-100 elementor-top-column elementor-element elementor-element-ef75bef\" data-id=\"ef75bef\" data-element_type=\"column\">\n\t\t\t<div class=\"elementor-column-wrap elementor-element-populated\">\n\t\t\t\t\t\t\t<div class=\"elementor-widget-wrap\">\n\t\t\t\t\t\t<div class=\"elementor-element elementor-element-5b665e8 elementor-widget elementor-widget-image\" data-id=\"5b665e8\" data-element_type=\"widget\" data-widget_type=\"image.default\">\n\t\t\t\t<div class=\"elementor-widget-container\">\n\t\t\t\t\t\t\t\t<div class=\"elementor-image\">\n\t\t\t\t\t\t\t\t\t\t\t\t<img width=\"828\" height=\"552\" src=\"https:\/\/cyprusmh.com\/wp-content\/uploads\/2020\/10\/North-Cyprus-1024x683.jpg\" class=\"attachment-large size-large\" alt=\"\" loading=\"lazy\" srcset=\"https:\/\/cyprusmh.com\/wp-content\/uploads\/2020\/10\/North-Cyprus-1024x683.jpg 1024w, https:\/\/cyprusmh.com\/wp-content\/uploads\/2020\/10\/North-Cyprus-300x200.jpg 300w, https:\/\/cyprusmh.com\/wp-content\/uploads\/2020\/10\/North-Cyprus-768x512.jpg 768w, https:\/\/cyprusmh.com\/wp-content\/uploads\/2020\/10\/North-Cyprus-1536x1024.jpg 1536w, https:\/\/cyprusmh.com\/wp-content\/uploads\/2020\/10\/North-Cyprus-2048x1365.jpg 2048w, https:\/\/cyprusmh.com\/wp-content\/uploads\/2020\/10\/North-Cyprus-150x100.jpg 150w, https:\/\/cyprusmh.com\/wp-content\/uploads\/2020\/10\/North-Cyprus-488x326.jpg 488w\" sizes=\"(max-width: 828px) 100vw, 828px\" \/>\t\t\t\t\t\t\t\t\t\t\t\t\t\t<\/div>\n\t\t\t\t\t\t<\/div>\n\t\t\t\t<\/div>\n\t\t\t\t\t\t<\/div>\n\t\t\t\t\t<\/div>\n\t\t<\/div>\n\t\t\t\t\t\t\t\t<\/div>\n\t\t\t\t\t<\/div>\n\t\t<\/section>\n\t\t\t\t<section class=\"elementor-section elementor-top-section elementor-element elementor-element-66f2f5ce elementor-section-boxed elementor-section-height-default elementor-section-height-default\" data-id=\"66f2f5ce\" data-element_type=\"section\">\n\t\t\t\t\t\t<div class=\"elementor-container elementor-column-gap-default\">\n\t\t\t\t\t\t\t<div class=\"elementor-row\">\n\t\t\t\t\t<div class=\"elementor-column elementor-col-100 elementor-top-column elementor-element elementor-element-4b189025\" data-id=\"4b189025\" data-element_type=\"column\">\n\t\t\t<div class=\"elementor-column-wrap elementor-element-populated\">\n\t\t\t\t\t\t\t<div class=\"elementor-widget-wrap\">\n\t\t\t\t\t\t<div class=\"elementor-element elementor-element-1a23af8b elementor-widget elementor-widget-text-editor\" data-id=\"1a23af8b\" data-element_type=\"widget\" data-widget_type=\"text-editor.default\">\n\t\t\t\t<div class=\"elementor-widget-container\">\n\t\t\t\t\t\t\t\t<div class=\"elementor-text-editor elementor-clearfix\">\n\t\t\t\t<p><strong>Nyttig informasjon om Nord Kypros<\/strong><\/p><p>Nord Kypros er en uoppdaget perle. Den nordlige delen av \u00f8ya har vakker, variert natur, krystallklart, rent badevann og et meget gunstig klima. I skj\u00e6ringpunktet mellom 3 kontinenter har Kypros har en rik og mangefasert historie som g\u00e5r flere tusen \u00e5r tilbake i tid. Du vil finne minnesmerker b\u00e5de fra antikken og fra den relativt nyere delen av historien.\u00a0 For \u00e5 nevne noe, kan du i Salamis kan bl.a se ruiner fra en gammel gresk bosetting. I Kyreniafjellen finnes flere slott, festninger og utkikksposter som stammer fra korsfarertiden.\u00a0 Den unike blandingen av de historiske r\u00f8ttene med n\u00e5tidens moderne uttrykk, skaper en helt spesiell identitet og gj\u00f8r ditt opphold p\u00e5\u00a0 Nord Kypros til en spennende og opplevelsesrik reise.<\/p><p>Atmosf\u00e6ren er avslappende og im\u00f8tekommende. Som turist eller eier av feriehus \u00f8nskes du hjertelig velkommen av en vennlig og hjelpsom lokalbefolkning.<\/p><p><strong>Beliggenhet<\/strong><\/p><p>Kypros er den \u00f8stligste \u00f8ya i Middlehavet og den 3 st\u00f8rste, etter Sicilia og Sardinia. Den er omkranset av krystallklart, rent, bl\u00e5tt hav.\u00a0 Avstand til Tyrkia som n\u00e6rmeste naboland er\u00a0 ca 65 km fra det smaleste kystpunktet.<\/p><p>Nord Kypros har en lengde p\u00e5 ca ca 160 km, p\u00e5 det bredeste punktet er avstanden fra kyst til kyst ca 65 km. Arealet er 3.354 km2 som utgj\u00f8r ca 36% av Kypros`totale areal.<\/p><p><strong>Hovedstat: <\/strong>Nicosia<\/p><p><strong>Nyttige tips<\/strong><\/p><p><strong>Innreise bestemmelser: <\/strong>Gyldig pass, visum er ikke n\u00f8dvendig. For barn\/ungdom opp til 16 \u00e5r aksepteres eget pass, eller innskrvining i foreldrenes pass.<\/p><p><strong>Valuta<\/strong>: Offisiell valuta p\u00e5 Nord Kypros er Tyrkiske Lira (TL). Alle vestlige valutaer, s\u00e5vel som reisesjekker, bankkort eller kredittkort aksepteres i banker, hotell, butikker og vekslings kontorer. Det finnes stort sett ogs\u00e5 en bankautomat i n\u00e6rheten, der du kan bruke dine norske kort. Det er heller ingen begrensning p\u00e5 hva du kan ta med av fremmed valuta inn i landet.<\/p><p>Levekostnader p\u00e5 Nord Kypros er meget gunstig sammenlignet med norske priser.<\/p><p><strong>Spr\u00e5k: <\/strong>Offisielt spr\u00e5k er tyrkisk, men man snakker ogs\u00e5 engelsk de aller fleste steder.<\/p><p><strong>Tidssone: <\/strong>Norsk tid + 1 time<\/p><p><strong>Str\u00f8m<\/strong>: 240 volt, 50 Hz. St\u00f8pslene er 3 polet, engelsk standard. Det anbefales \u00e5 ta med adaptor.<\/p><p><strong>Mat\/kj\u00f8kken: <\/strong>I likhet med sine tyrkiske, greske og libanesiske naboer, er det tyrkisk kypriotiske kj\u00f8kken innholdsrikt og variert. Den tradisjonelle forretten er \u00abMeze\u00bb som best\u00e5r av et stort utvalg av kalde og varme forretter, i tillegg kommer salater, kj\u00f8tt, gr\u00f8nnsaker og fisk. Mange ulike kebabs st\u00e5r p\u00e5 menyen, f.eks retter av lam som sish kebab og doner kebab. Om du foretrekker lyst kj\u00f8tt pr\u00f8v gjerne chicken sish eller doner kebab. Vi anbefaler ogs\u00e5 \u00e5 smake p\u00e5 Sheftali kebab som er en lokal spesialitet. Kofte &#8211; dvs krydrede kj\u00f8ttkaker- er ogs\u00e5 en polul\u00e6r rett.<\/p><p>Mineri, Lahos, Orfo og Bardun er \u00e5 anbefale fra menyen p\u00e5 fersk fisk.\u00a0 Er du p\u00e5 en lokal fiskeresturant, kan du gjerrne bestille kalamar (blekksprut) som forrett. Du vil ogs\u00e5 bli glad i den ber\u00f8mte kypriotiske osten \u2013 hellim (halumi).\u00a0 Dessert best\u00e5ende av lokale sitrusfrukter som appelsiner, druer, fersken, meloner, vannmeloner og grapefrukt gir en saftig og smakfull avslutning p\u00e5 m\u00e5ltidet. En kopp turkisk kaffe kan ogs\u00e5 anbefales, velg mellom \u00absade\u00bb som er uten sukker, \u00aborta\u00bb med middels sukker og \u00abshekeli\u00bb som den s\u00f8teste varianten. Raki er det lokale brennevinet og b\u00f8r drikkes med stor forsiktighet.<\/p><p><strong>Flateinnhold <\/strong>&#8211; 3.354 km2<\/p><p><strong>Innbyggertall <\/strong>&#8211; 313.626 (2014)<\/p><p><strong>Klima <\/strong>&#8211; Kypros har et meget gunstig middelhavsklima, med lange, varme sommere og korte vintere med lite regn. Om sommeren ligger temperaturen rundt 30\/35 grader, p\u00e5 vintertid i januar og februar ca 15\/20 grader. Antall soldager er ca 320-330 p\u00e5 \u00e5rsbasis.<\/p><p><strong>Telefon <\/strong>\u2013 Tast inn + 90\u00a0392 f\u00f8r det lokale\u00a0 Kypros nummeret. Retningsnummer til Nicosia er 22, til Girne\/Kyrenia 81 og til Famagusta 36. Om du \u00f8nsker \u00e5 ringe hjem fra Nord Kypros sl\u00e5r du 00 47 f\u00f8r det norske nummeret.<\/p><p><strong>Museer <\/strong>&#8211; P\u00e5 sommerstid i perioden mai til september er vanlige \u00e5pningstider fra kl 9 til 13.30 og fra kl 16.30 til 18.30. I \u00f8vrige deler av \u00e5ret er \u00e5pningstidene fra kl 8 til 13 og fra kl 14.30 til 17. Museene holder stengt p\u00e5 s\u00f8ndager samt p\u00e5 nasjonale og religi\u00f8se helligdager.<\/p><p><strong>Shopping<\/strong> \u2013 Shopping p\u00e5 Nord Kypros er en hyggelig opplevelse som absolutt kan anbefales. Selgerne tar deg godt imot uten \u00e5 v\u00e6re p\u00e5trengende. Spesielt popul\u00e6rt er artikler av kopper, s\u00f8lv, bronse og onyx. Tyrkiske dukker, merskum piper, lokale broderiartikler, og backgammon brett st\u00e5r ogs\u00e5 p\u00e5 sortimentet i de fleste souvenirbutikkene. Videre vil du finne speialbutikker som tilbyr et bredt utvalg av gull, l\u00e6r og skinnbekledning, tekstiler m.m. &#8211; alt til gunstige priser. Prisene er faste og pruting blir vanligvis ikke akseptert.<\/p><p>Butikkenes \u00e5pningstider er fra kl 8 til kl 13 og fra kl 15.30 til 20. Lokale markeder holdes p\u00e5 fate ukedager og holder bare \u00e5pent p\u00e5 formiddagen.\u00a0\u00a0\u00a0\u00a0<\/p>\t\t\t\t\t<\/div>\n\t\t\t\t\t\t<\/div>\n\t\t\t\t<\/div>\n\t\t\t\t\t\t<\/div>\n\t\t\t\t\t<\/div>\n\t\t<\/div>\n\t\t\t\t\t\t\t\t<\/div>\n\t\t\t\t\t<\/div>\n\t\t<\/section>\n\t\t\t\t\t\t<\/div>\n\t\t\t\t\t\t<\/div>\n\t\t\t\t\t<\/div>\n\t\t","protected":false},"excerpt":{"rendered":"<p>Nyttig informasjon om Nord Kypros Nord Kypros er en uoppdaget perle. Den nordlige delen av \u00f8ya har vakker, variert natur, krystallklart, rent badevann og et meget gunstig klima. I skj\u00e6ringpunktet mellom 3 kontinenter har Kypros har en rik og mangefasert historie som g\u00e5r flere tusen \u00e5r tilbake i tid. Du vil finne minnesmerker b\u00e5de fra&#8230;<\/p>\n","protected":false},"author":1,"featured_media":0,"parent":0,"menu_order":0,"comment_status":"closed","ping_status":"closed","template":"","meta":[],"yoast_head":"<!-- This site is optimized with the Yoast SEO plugin v17.8 - https:\/\/yoast.com\/wordpress\/plugins\/seo\/ -->\n<title>Nord Kypros - Cyprus MyHome<\/title>\n<meta name=\"robots\" content=\"index, follow, max-snippet:-1, max-image-preview:large, max-video-preview:-1\" \/>\n<link rel=\"canonical\" href=\"https:\/\/cyprusmh.com\/no\/nord-kypros\/\" \/>\n<meta property=\"og:locale\" content=\"nb_NO\" \/>\n<meta property=\"og:type\" content=\"article\" \/>\n<meta property=\"og:title\" content=\"Nord Kypros - Cyprus MyHome\" \/>\n<meta property=\"og:description\" content=\"Nyttig informasjon om Nord Kypros Nord Kypros er en uoppdaget perle. Den nordlige delen av \u00f8ya har vakker, variert natur, krystallklart, rent badevann og et meget gunstig klima. I skj\u00e6ringpunktet mellom 3 kontinenter har Kypros har en rik og mangefasert historie som g\u00e5r flere tusen \u00e5r tilbake i tid. Du vil finne minnesmerker b\u00e5de fra...\" \/>\n<meta property=\"og:url\" content=\"https:\/\/cyprusmh.com\/no\/nord-kypros\/\" \/>\n<meta property=\"og:site_name\" content=\"Cyprus MyHome\" \/>\n<meta property=\"article:modified_time\" content=\"2021-02-16T08:03:33+00:00\" \/>\n<meta property=\"og:image\" content=\"https:\/\/cyprusmh.com\/wp-content\/uploads\/2020\/10\/North-Cyprus-1024x683.jpg\" \/>\n<meta name=\"twitter:card\" content=\"summary_large_image\" \/>\n<meta name=\"twitter:label1\" content=\"Ansl. lesetid\" \/>\n\t<meta name=\"twitter:data1\" content=\"4 minutter\" \/>\n<script type=\"application\/ld+json\" class=\"yoast-schema-graph\">{\"@context\":\"https:\/\/schema.org\",\"@graph\":[{\"@type\":\"WebSite\",\"@id\":\"https:\/\/cyprusmh.com\/#website\",\"url\":\"https:\/\/cyprusmh.com\/\",\"name\":\"Cyprus MyHome\",\"description\":\"\",\"potentialAction\":[{\"@type\":\"SearchAction\",\"target\":{\"@type\":\"EntryPoint\",\"urlTemplate\":\"https:\/\/cyprusmh.com\/?s={search_term_string}\"},\"query-input\":\"required name=search_term_string\"}],\"inLanguage\":\"nb-NO\"},{\"@type\":\"ImageObject\",\"@id\":\"https:\/\/cyprusmh.com\/no\/nord-kypros\/#primaryimage\",\"inLanguage\":\"nb-NO\",\"url\":\"https:\/\/cyprusmh.com\/wp-content\/uploads\/2020\/10\/North-Cyprus.jpg\",\"contentUrl\":\"https:\/\/cyprusmh.com\/wp-content\/uploads\/2020\/10\/North-Cyprus.jpg\",\"width\":2508,\"height\":1672},{\"@type\":\"WebPage\",\"@id\":\"https:\/\/cyprusmh.com\/no\/nord-kypros\/#webpage\",\"url\":\"https:\/\/cyprusmh.com\/no\/nord-kypros\/\",\"name\":\"Nord Kypros - Cyprus MyHome\",\"isPartOf\":{\"@id\":\"https:\/\/cyprusmh.com\/#website\"},\"primaryImageOfPage\":{\"@id\":\"https:\/\/cyprusmh.com\/no\/nord-kypros\/#primaryimage\"},\"datePublished\":\"2021-02-16T08:01:26+00:00\",\"dateModified\":\"2021-02-16T08:03:33+00:00\",\"breadcrumb\":{\"@id\":\"https:\/\/cyprusmh.com\/no\/nord-kypros\/#breadcrumb\"},\"inLanguage\":\"nb-NO\",\"potentialAction\":[{\"@type\":\"ReadAction\",\"target\":[\"https:\/\/cyprusmh.com\/no\/nord-kypros\/\"]}]},{\"@type\":\"BreadcrumbList\",\"@id\":\"https:\/\/cyprusmh.com\/no\/nord-kypros\/#breadcrumb\",\"itemListElement\":[{\"@type\":\"ListItem\",\"position\":1,\"name\":\"Home\",\"item\":\"https:\/\/cyprusmh.com\/no\/\"},{\"@type\":\"ListItem\",\"position\":2,\"name\":\"Nord Kypros\"}]}]}<\/script>\n<!-- \/ Yoast SEO plugin. -->","yoast_head_json":{"title":"Nord Kypros - Cyprus MyHome","robots":{"index":"index","follow":"follow","max-snippet":"max-snippet:-1","max-image-preview":"max-image-preview:large","max-video-preview":"max-video-preview:-1"},"canonical":"https:\/\/cyprusmh.com\/no\/nord-kypros\/","og_locale":"nb_NO","og_type":"article","og_title":"Nord Kypros - Cyprus MyHome","og_description":"Nyttig informasjon om Nord Kypros Nord Kypros er en uoppdaget perle. Den nordlige delen av \u00f8ya har vakker, variert natur, krystallklart, rent badevann og et meget gunstig klima. I skj\u00e6ringpunktet mellom 3 kontinenter har Kypros har en rik og mangefasert historie som g\u00e5r flere tusen \u00e5r tilbake i tid. Du vil finne minnesmerker b\u00e5de fra...","og_url":"https:\/\/cyprusmh.com\/no\/nord-kypros\/","og_site_name":"Cyprus MyHome","article_modified_time":"2021-02-16T08:03:33+00:00","og_image":[{"url":"https:\/\/cyprusmh.com\/wp-content\/uploads\/2020\/10\/North-Cyprus-1024x683.jpg"}],"twitter_card":"summary_large_image","twitter_misc":{"Ansl. lesetid":"4 minutter"},"schema":{"@context":"https:\/\/schema.org","@graph":[{"@type":"WebSite","@id":"https:\/\/cyprusmh.com\/#website","url":"https:\/\/cyprusmh.com\/","name":"Cyprus MyHome","description":"","potentialAction":[{"@type":"SearchAction","target":{"@type":"EntryPoint","urlTemplate":"https:\/\/cyprusmh.com\/?s={search_term_string}"},"query-input":"required name=search_term_string"}],"inLanguage":"nb-NO"},{"@type":"ImageObject","@id":"https:\/\/cyprusmh.com\/no\/nord-kypros\/#primaryimage","inLanguage":"nb-NO","url":"https:\/\/cyprusmh.com\/wp-content\/uploads\/2020\/10\/North-Cyprus.jpg","contentUrl":"https:\/\/cyprusmh.com\/wp-content\/uploads\/2020\/10\/North-Cyprus.jpg","width":2508,"height":1672},{"@type":"WebPage","@id":"https:\/\/cyprusmh.com\/no\/nord-kypros\/#webpage","url":"https:\/\/cyprusmh.com\/no\/nord-kypros\/","name":"Nord Kypros - Cyprus MyHome","isPartOf":{"@id":"https:\/\/cyprusmh.com\/#website"},"primaryImageOfPage":{"@id":"https:\/\/cyprusmh.com\/no\/nord-kypros\/#primaryimage"},"datePublished":"2021-02-16T08:01:26+00:00","dateModified":"2021-02-16T08:03:33+00:00","breadcrumb":{"@id":"https:\/\/cyprusmh.com\/no\/nord-kypros\/#breadcrumb"},"inLanguage":"nb-NO","potentialAction":[{"@type":"ReadAction","target":["https:\/\/cyprusmh.com\/no\/nord-kypros\/"]}]},{"@type":"BreadcrumbList","@id":"https:\/\/cyprusmh.com\/no\/nord-kypros\/#breadcrumb","itemListElement":[{"@type":"ListItem","position":1,"name":"Home","item":"https:\/\/cyprusmh.com\/no\/"},{"@type":"ListItem","position":2,"name":"Nord Kypros"}]}]}},"_links":{"self":[{"href":"https:\/\/cyprusmh.com\/no\/wp-json\/wp\/v2\/pages\/7986"}],"collection":[{"href":"https:\/\/cyprusmh.com\/no\/wp-json\/wp\/v2\/pages"}],"about":[{"href":"https:\/\/cyprusmh.com\/no\/wp-json\/wp\/v2\/types\/page"}],"author":[{"embeddable":true,"href":"https:\/\/cyprusmh.com\/no\/wp-json\/wp\/v2\/users\/1"}],"replies":[{"embeddable":true,"href":"https:\/\/cyprusmh.com\/no\/wp-json\/wp\/v2\/comments?post=7986"}],"version-history":[{"count":6,"href":"https:\/\/cyprusmh.com\/no\/wp-json\/wp\/v2\/pages\/7986\/revisions"}],"predecessor-version":[{"id":7993,"href":"https:\/\/cyprusmh.com\/no\/wp-json\/wp\/v2\/pages\/7986\/revisions\/7993"}],"wp:attachment":[{"href":"https:\/\/cyprusmh.com\/no\/wp-json\/wp\/v2\/media?parent=7986"}],"curies":[{"name":"wp","href":"https:\/\/api.w.org\/{rel}","templated":true}]}}