{"id":7964,"date":"2021-02-16T07:55:24","date_gmt":"2021-02-16T07:55:24","guid":{"rendered":"https:\/\/cyprusmh.com\/?page_id=7964"},"modified":"2021-02-16T07:58:17","modified_gmt":"2021-02-16T07:58:17","slug":"visningsreise","status":"publish","type":"page","link":"https:\/\/cyprusmh.com\/no\/visningsreise\/","title":{"rendered":"Visningsreise"},"content":{"rendered":"\t\t<div data-elementor-type=\"wp-page\" data-elementor-id=\"7964\" class=\"elementor elementor-7964 elementor-4867\" data-elementor-settings=\"[]\">\n\t\t\t\t\t\t<div class=\"elementor-inner\">\n\t\t\t\t\t\t\t<div class=\"elementor-section-wrap\">\n\t\t\t\t\t\t\t<section class=\"elementor-section elementor-top-section elementor-element elementor-element-6a15330 elementor-section-boxed elementor-section-height-default elementor-section-height-default\" data-id=\"6a15330\" data-element_type=\"section\">\n\t\t\t\t\t\t<div class=\"elementor-container elementor-column-gap-default\">\n\t\t\t\t\t\t\t<div class=\"elementor-row\">\n\t\t\t\t\t<div class=\"elementor-column elementor-col-100 elementor-top-column elementor-element elementor-element-af30bb5\" data-id=\"af30bb5\" data-element_type=\"column\">\n\t\t\t<div class=\"elementor-column-wrap elementor-element-populated\">\n\t\t\t\t\t\t\t<div class=\"elementor-widget-wrap\">\n\t\t\t\t\t\t<div class=\"elementor-element elementor-element-38d9f7f elementor-widget elementor-widget-image\" data-id=\"38d9f7f\" data-element_type=\"widget\" data-widget_type=\"image.default\">\n\t\t\t\t<div class=\"elementor-widget-container\">\n\t\t\t\t\t\t\t\t<div class=\"elementor-image\">\n\t\t\t\t\t\t\t\t\t\t\t\t<img width=\"828\" height=\"552\" src=\"https:\/\/cyprusmh.com\/wp-content\/uploads\/2020\/10\/inspection-trips-1024x683.jpg\" class=\"attachment-large size-large\" alt=\"\" loading=\"lazy\" srcset=\"https:\/\/cyprusmh.com\/wp-content\/uploads\/2020\/10\/inspection-trips-1024x683.jpg 1024w, https:\/\/cyprusmh.com\/wp-content\/uploads\/2020\/10\/inspection-trips-300x200.jpg 300w, https:\/\/cyprusmh.com\/wp-content\/uploads\/2020\/10\/inspection-trips-768x512.jpg 768w, https:\/\/cyprusmh.com\/wp-content\/uploads\/2020\/10\/inspection-trips-1536x1024.jpg 1536w, https:\/\/cyprusmh.com\/wp-content\/uploads\/2020\/10\/inspection-trips-2048x1365.jpg 2048w, https:\/\/cyprusmh.com\/wp-content\/uploads\/2020\/10\/inspection-trips-150x100.jpg 150w, https:\/\/cyprusmh.com\/wp-content\/uploads\/2020\/10\/inspection-trips-488x326.jpg 488w\" sizes=\"(max-width: 828px) 100vw, 828px\" \/>\t\t\t\t\t\t\t\t\t\t\t\t\t\t<\/div>\n\t\t\t\t\t\t<\/div>\n\t\t\t\t<\/div>\n\t\t\t\t\t\t<\/div>\n\t\t\t\t\t<\/div>\n\t\t<\/div>\n\t\t\t\t\t\t\t\t<\/div>\n\t\t\t\t\t<\/div>\n\t\t<\/section>\n\t\t\t\t<section class=\"elementor-section elementor-top-section elementor-element elementor-element-4fc2216e elementor-section-boxed elementor-section-height-default elementor-section-height-default\" data-id=\"4fc2216e\" data-element_type=\"section\">\n\t\t\t\t\t\t<div class=\"elementor-container elementor-column-gap-default\">\n\t\t\t\t\t\t\t<div class=\"elementor-row\">\n\t\t\t\t\t<div class=\"elementor-column elementor-col-100 elementor-top-column elementor-element elementor-element-4711267\" data-id=\"4711267\" data-element_type=\"column\">\n\t\t\t<div class=\"elementor-column-wrap elementor-element-populated\">\n\t\t\t\t\t\t\t<div class=\"elementor-widget-wrap\">\n\t\t\t\t\t\t<div class=\"elementor-element elementor-element-d941fe5 elementor-widget elementor-widget-text-editor\" data-id=\"d941fe5\" data-element_type=\"widget\" data-widget_type=\"text-editor.default\">\n\t\t\t\t<div class=\"elementor-widget-container\">\n\t\t\t\t\t\t\t\t<div class=\"elementor-text-editor elementor-clearfix\">\n\t\t\t\t<p>Vi takker for din interesse for visningsreise til Kypros i regi av Cyprus My Homes. En visningstur anbefales p\u00e5 det varmeste, da dette er den beste og mest effektive m\u00e5ten \u00e5 danne seg en kvalifisert oppfatning om kj\u00f8p av eiendom p\u00e5 Nord Kypros. Dere vil f\u00e5 godt med tid til \u00e5 bli kjent med\u00a0 med n\u00e6rmilj\u00f8et, se aktuelle eiendommer og f\u00e5 et forsteh\u00e5ndsinntrykk av stedets atmosf\u00e6re.<\/p><p>Turen vil bli n\u00f8ye planlagt i forkant, basert p\u00e5 mottatt informasjon om type eiedom og foretrukket omr\u00e5de. Vi st\u00e5r til disposisjon fra det \u00f8yeblikk dere ankommer Kypros og er klare til \u00e5 dr\u00f8fte det dere m\u00e5tte ha av sp\u00f8rm\u00e5l om eiendom,\u00a0 planlagt program og praktisk tilrettelegging av oppholdet.<\/p><p>V\u00e5re visningsturer arrangeres p\u00e5 individuell basis. For \u00e5 gj\u00f8re oppholdet til en hyggelig og nyttig opplevelse, vil vi stille med en dedikert engelskspr\u00e5klig representant som guider dere gjennom det avtalte bes\u00f8ksprogrammet.<\/p><p>Visnings &amp; informasjonsturen har en varighet p\u00e5 4 dager\/3 overnattinger og inkluderer f\u00f8lgende tjenester<\/p><ul><li>Opp til 3 netters fritt opphold basert p\u00e5 bed &amp; breakfast<\/li><li>Fri tansport fra og til flyplass<\/li><li>Visning av v\u00e5re mest aktuelle prosjekter<\/li><li>Juridisk og finansiell presentasjon \u2013<\/li><li>Etablere bankkonti (ved kj\u00f8p)<\/li><li>Bes\u00f8k i n\u00e6romr\u00e5dene<\/li><li>Oppf\u00f8lgning under hele oppholdet, etter n\u00e6rmere avtale<\/li><\/ul><p>Dersom\u00a0 det er behov for mer enn 1 rom, og\/eller et lengre opphold \u00f8nskes, kan dette tilbys til meget gunstig betingelser\u00a0<\/p>\t\t\t\t\t<\/div>\n\t\t\t\t\t\t<\/div>\n\t\t\t\t<\/div>\n\t\t\t\t\t\t<\/div>\n\t\t\t\t\t<\/div>\n\t\t<\/div>\n\t\t\t\t\t\t\t\t<\/div>\n\t\t\t\t\t<\/div>\n\t\t<\/section>\n\t\t\t\t\t\t<\/div>\n\t\t\t\t\t\t<\/div>\n\t\t\t\t\t<\/div>\n\t\t","protected":false},"excerpt":{"rendered":"<p>Vi takker for din interesse for visningsreise til Kypros i regi av Cyprus My Homes. En visningstur anbefales p\u00e5 det varmeste, da dette er den beste og mest effektive m\u00e5ten \u00e5 danne seg en kvalifisert oppfatning om kj\u00f8p av eiendom p\u00e5 Nord Kypros. Dere vil f\u00e5 godt med tid til \u00e5 bli kjent med\u00a0 med&#8230;<\/p>\n","protected":false},"author":1,"featured_media":0,"parent":0,"menu_order":0,"comment_status":"closed","ping_status":"closed","template":"","meta":[],"yoast_head":"<!-- This site is optimized with the Yoast SEO plugin v17.8 - https:\/\/yoast.com\/wordpress\/plugins\/seo\/ -->\n<title>Visningsreise - Cyprus MyHome<\/title>\n<meta name=\"robots\" content=\"index, follow, max-snippet:-1, max-image-preview:large, max-video-preview:-1\" \/>\n<link rel=\"canonical\" href=\"https:\/\/cyprusmh.com\/no\/visningsreise\/\" \/>\n<meta property=\"og:locale\" content=\"nb_NO\" \/>\n<meta property=\"og:type\" content=\"article\" \/>\n<meta property=\"og:title\" content=\"Visningsreise - Cyprus MyHome\" \/>\n<meta property=\"og:description\" content=\"Vi takker for din interesse for visningsreise til Kypros i regi av Cyprus My Homes. En visningstur anbefales p\u00e5 det varmeste, da dette er den beste og mest effektive m\u00e5ten \u00e5 danne seg en kvalifisert oppfatning om kj\u00f8p av eiendom p\u00e5 Nord Kypros. Dere vil f\u00e5 godt med tid til \u00e5 bli kjent med\u00a0 med...\" \/>\n<meta property=\"og:url\" content=\"https:\/\/cyprusmh.com\/no\/visningsreise\/\" \/>\n<meta property=\"og:site_name\" content=\"Cyprus MyHome\" \/>\n<meta property=\"article:modified_time\" content=\"2021-02-16T07:58:17+00:00\" \/>\n<meta property=\"og:image\" content=\"https:\/\/cyprusmh.com\/wp-content\/uploads\/2020\/10\/inspection-trips-1024x683.jpg\" \/>\n<meta name=\"twitter:card\" content=\"summary_large_image\" \/>\n<meta name=\"twitter:label1\" content=\"Ansl. lesetid\" \/>\n\t<meta name=\"twitter:data1\" content=\"2 minutter\" \/>\n<script type=\"application\/ld+json\" class=\"yoast-schema-graph\">{\"@context\":\"https:\/\/schema.org\",\"@graph\":[{\"@type\":\"WebSite\",\"@id\":\"https:\/\/cyprusmh.com\/#website\",\"url\":\"https:\/\/cyprusmh.com\/\",\"name\":\"Cyprus MyHome\",\"description\":\"\",\"potentialAction\":[{\"@type\":\"SearchAction\",\"target\":{\"@type\":\"EntryPoint\",\"urlTemplate\":\"https:\/\/cyprusmh.com\/?s={search_term_string}\"},\"query-input\":\"required name=search_term_string\"}],\"inLanguage\":\"nb-NO\"},{\"@type\":\"ImageObject\",\"@id\":\"https:\/\/cyprusmh.com\/no\/visningsreise\/#primaryimage\",\"inLanguage\":\"nb-NO\",\"url\":\"https:\/\/cyprusmh.com\/wp-content\/uploads\/2020\/10\/inspection-trips.jpg\",\"contentUrl\":\"https:\/\/cyprusmh.com\/wp-content\/uploads\/2020\/10\/inspection-trips.jpg\",\"width\":2508,\"height\":1672},{\"@type\":\"WebPage\",\"@id\":\"https:\/\/cyprusmh.com\/no\/visningsreise\/#webpage\",\"url\":\"https:\/\/cyprusmh.com\/no\/visningsreise\/\",\"name\":\"Visningsreise - Cyprus MyHome\",\"isPartOf\":{\"@id\":\"https:\/\/cyprusmh.com\/#website\"},\"primaryImageOfPage\":{\"@id\":\"https:\/\/cyprusmh.com\/no\/visningsreise\/#primaryimage\"},\"datePublished\":\"2021-02-16T07:55:24+00:00\",\"dateModified\":\"2021-02-16T07:58:17+00:00\",\"breadcrumb\":{\"@id\":\"https:\/\/cyprusmh.com\/no\/visningsreise\/#breadcrumb\"},\"inLanguage\":\"nb-NO\",\"potentialAction\":[{\"@type\":\"ReadAction\",\"target\":[\"https:\/\/cyprusmh.com\/no\/visningsreise\/\"]}]},{\"@type\":\"BreadcrumbList\",\"@id\":\"https:\/\/cyprusmh.com\/no\/visningsreise\/#breadcrumb\",\"itemListElement\":[{\"@type\":\"ListItem\",\"position\":1,\"name\":\"Home\",\"item\":\"https:\/\/cyprusmh.com\/no\/\"},{\"@type\":\"ListItem\",\"position\":2,\"name\":\"Visningsreise\"}]}]}<\/script>\n<!-- \/ Yoast SEO plugin. -->","yoast_head_json":{"title":"Visningsreise - Cyprus MyHome","robots":{"index":"index","follow":"follow","max-snippet":"max-snippet:-1","max-image-preview":"max-image-preview:large","max-video-preview":"max-video-preview:-1"},"canonical":"https:\/\/cyprusmh.com\/no\/visningsreise\/","og_locale":"nb_NO","og_type":"article","og_title":"Visningsreise - Cyprus MyHome","og_description":"Vi takker for din interesse for visningsreise til Kypros i regi av Cyprus My Homes. En visningstur anbefales p\u00e5 det varmeste, da dette er den beste og mest effektive m\u00e5ten \u00e5 danne seg en kvalifisert oppfatning om kj\u00f8p av eiendom p\u00e5 Nord Kypros. Dere vil f\u00e5 godt med tid til \u00e5 bli kjent med\u00a0 med...","og_url":"https:\/\/cyprusmh.com\/no\/visningsreise\/","og_site_name":"Cyprus MyHome","article_modified_time":"2021-02-16T07:58:17+00:00","og_image":[{"url":"https:\/\/cyprusmh.com\/wp-content\/uploads\/2020\/10\/inspection-trips-1024x683.jpg"}],"twitter_card":"summary_large_image","twitter_misc":{"Ansl. lesetid":"2 minutter"},"schema":{"@context":"https:\/\/schema.org","@graph":[{"@type":"WebSite","@id":"https:\/\/cyprusmh.com\/#website","url":"https:\/\/cyprusmh.com\/","name":"Cyprus MyHome","description":"","potentialAction":[{"@type":"SearchAction","target":{"@type":"EntryPoint","urlTemplate":"https:\/\/cyprusmh.com\/?s={search_term_string}"},"query-input":"required name=search_term_string"}],"inLanguage":"nb-NO"},{"@type":"ImageObject","@id":"https:\/\/cyprusmh.com\/no\/visningsreise\/#primaryimage","inLanguage":"nb-NO","url":"https:\/\/cyprusmh.com\/wp-content\/uploads\/2020\/10\/inspection-trips.jpg","contentUrl":"https:\/\/cyprusmh.com\/wp-content\/uploads\/2020\/10\/inspection-trips.jpg","width":2508,"height":1672},{"@type":"WebPage","@id":"https:\/\/cyprusmh.com\/no\/visningsreise\/#webpage","url":"https:\/\/cyprusmh.com\/no\/visningsreise\/","name":"Visningsreise - Cyprus MyHome","isPartOf":{"@id":"https:\/\/cyprusmh.com\/#website"},"primaryImageOfPage":{"@id":"https:\/\/cyprusmh.com\/no\/visningsreise\/#primaryimage"},"datePublished":"2021-02-16T07:55:24+00:00","dateModified":"2021-02-16T07:58:17+00:00","breadcrumb":{"@id":"https:\/\/cyprusmh.com\/no\/visningsreise\/#breadcrumb"},"inLanguage":"nb-NO","potentialAction":[{"@type":"ReadAction","target":["https:\/\/cyprusmh.com\/no\/visningsreise\/"]}]},{"@type":"BreadcrumbList","@id":"https:\/\/cyprusmh.com\/no\/visningsreise\/#breadcrumb","itemListElement":[{"@type":"ListItem","position":1,"name":"Home","item":"https:\/\/cyprusmh.com\/no\/"},{"@type":"ListItem","position":2,"name":"Visningsreise"}]}]}},"_links":{"self":[{"href":"https:\/\/cyprusmh.com\/no\/wp-json\/wp\/v2\/pages\/7964"}],"collection":[{"href":"https:\/\/cyprusmh.com\/no\/wp-json\/wp\/v2\/pages"}],"about":[{"href":"https:\/\/cyprusmh.com\/no\/wp-json\/wp\/v2\/types\/page"}],"author":[{"embeddable":true,"href":"https:\/\/cyprusmh.com\/no\/wp-json\/wp\/v2\/users\/1"}],"replies":[{"embeddable":true,"href":"https:\/\/cyprusmh.com\/no\/wp-json\/wp\/v2\/comments?post=7964"}],"version-history":[{"count":6,"href":"https:\/\/cyprusmh.com\/no\/wp-json\/wp\/v2\/pages\/7964\/revisions"}],"predecessor-version":[{"id":7971,"href":"https:\/\/cyprusmh.com\/no\/wp-json\/wp\/v2\/pages\/7964\/revisions\/7971"}],"wp:attachment":[{"href":"https:\/\/cyprusmh.com\/no\/wp-json\/wp\/v2\/media?parent=7964"}],"curies":[{"name":"wp","href":"https:\/\/api.w.org\/{rel}","templated":true}]}}